{"id":593,"date":"2021-06-07T01:08:39","date_gmt":"2021-06-07T01:08:39","guid":{"rendered":"https:\/\/manex-france.com\/?page_id=593"},"modified":"2021-06-14T02:50:42","modified_gmt":"2021-06-14T02:50:42","slug":"accessories-price-transmission","status":"publish","type":"page","link":"https:\/\/manex-france.com\/fr\/accessories-price-transmission\/","title":{"rendered":"Bo\u00eete prix"},"content":{"rendered":"<div class=\"n2_clear\"><ss3-force-full-width data-overflow-x=\"body\" data-horizontal-selector=\"body\"><div class=\"n2-section-smartslider fitvidsignore  n2_clear\" data-ssid=\"26\" tabindex=\"0\" role=\"region\" aria-label=\"Glissi\u00e8re\"><div id=\"n2-ss-26-align\" class=\"n2-ss-align\"><div class=\"n2-padding\"><div id=\"n2-ss-26\" data-creator=\"Smart Slider 3\" data-responsive=\"fullwidth\" class=\"n2-ss-slider n2-ow n2-has-hover n2notransition\">\n\n\n\n\n\n<div class=\"n2-ss-slider-wrapper-outside\" style=\"grid-template-rows:1fr auto\">\n        <div class=\"n2-ss-slider-1 n2_ss__touch_element n2-ow\">\n            <div class=\"n2-ss-slider-2 n2-ow\">\n                                                <div class=\"n2-ss-slider-3 n2-ow\">\n\n                    <div class=\"n2-ss-slide-backgrounds n2-ow-all\"><div class=\"n2-ss-slide-background\" data-public-id=\"1\" data-mode=\"fit\"><div data-color=\"RGBA(255,255,255,0)\" style=\"background-color: RGBA(255,255,255,0);\" class=\"n2-ss-slide-background-color\"><\/div><\/div><div class=\"n2-ss-slide-background\" data-public-id=\"2\" data-mode=\"fit\" aria-hidden=\"true\"><div data-color=\"RGBA(255,255,255,0)\" style=\"background-color: RGBA(255,255,255,0);\" class=\"n2-ss-slide-background-color\"><\/div><\/div><div class=\"n2-ss-slide-background\" data-public-id=\"3\" data-mode=\"fit\" aria-hidden=\"true\"><div data-color=\"RGBA(255,255,255,0)\" style=\"background-color: RGBA(255,255,255,0);\" class=\"n2-ss-slide-background-color\"><\/div><\/div><div class=\"n2-ss-slide-background\" data-public-id=\"4\" data-mode=\"fit\" aria-hidden=\"true\"><div data-color=\"RGBA(255,255,255,0)\" style=\"background-color: RGBA(255,255,255,0);\" class=\"n2-ss-slide-background-color\"><\/div><\/div><\/div>                    <div class=\"n2-ss-slider-4 n2-ow\">\n                        <svg xmlns=\"http:\/\/www.w3.org\/2000\/svg\" viewbox=\"0 0 1200 300\" data-related-device=\"desktopPortrait\" class=\"n2-ow n2-ss-preserve-size n2-ss-preserve-size--slider n2-ss-slide-limiter\"><\/svg><div data-first=\"1\" data-slide-duration=\"0\" data-id=\"806\" data-slide-public-id=\"1\" data-title=\"PX8-9M\" class=\"n2-ss-slide n2-ow  n2-ss-slide-806\"><div role=\"note\" class=\"n2-ss-slide--focus\" tabindex=\"-1\">PX8-9M<\/div><div class=\"n2-ss-layers-container n2-ss-slide-limiter n2-ow\"><div class=\"n2-ss-layer n2-ow n-uc-T37y0UJA2Sh5\" data-sstype=\"slide\" data-pm=\"default\"><div class=\"n2-ss-layer n2-ow n-uc-zcUB2dtMYgLg\" data-pm=\"default\" data-sstype=\"content\" data-hasbackground=\"0\"><div class=\"n2-ss-section-main-content n2-ss-layer-with-background n2-ss-layer-content n2-ow n-uc-zcUB2dtMYgLg-inner\"><div class=\"n2-ss-layer n2-ow n2-ss-layer--block n2-ss-has-self-align n-uc-REroFkOtFdqq\" data-pm=\"normal\" data-sstype=\"row\"><div class=\"n2-ss-layer-row n2-ss-layer-with-background n-uc-REroFkOtFdqq-inner\"><div class=\"n2-ss-layer-row-inner\"><div class=\"n2-ss-layer n2-ow n-uc-qnxkOzN5HwGy\" data-pm=\"default\" data-sstype=\"col\"><div class=\"n2-ss-layer-col n2-ss-layer-with-background n2-ss-layer-content n-uc-qnxkOzN5HwGy-inner\"><div class=\"n2-ss-layer n2-ow n-uc-ID5oyGCCRBZQ\" data-pm=\"normal\" data-sstype=\"layer\"><div class=\"n2-ss-item-content n2-ss-text n2-ow-all\"><div class=\"\"><p class=\"n2-font-ca8b1c0cdcf61faeacadcd0e606015b8-paragraph\">PX8-9M<\/p>\n<\/div><\/div><\/div><div class=\"n2-ss-layer n2-ow n-uc-oXR6nykwr7bL\" data-pm=\"normal\" data-sstype=\"layer\"><div class=\"n2-ss-item-content n2-ss-text n2-ow-all\"><div class=\"\"><p class=\"n2-font-2c3e0beba2fe68bd09391d63599ff44b-paragraph\">Box of numbers for Price 1801 &#8211; Accessories<\/p>\n<\/div><\/div><\/div><div class=\"n2-ss-layer n2-ow n-uc-dOcFCPautLFP\" data-pm=\"normal\" data-sstype=\"layer\"><div class=\"n2-ss-item-content n2-ss-text n2-ow-all\"><div class=\"\"><p class=\"n2-font-b0007b7bdc97987b9c376ba19021b025-paragraph\">Box numbers of large models. Gold Color &#8211; (HT 1 CM &#8211; Larg. 1.8 CM)<\/p>\n<\/div><\/div><\/div><div class=\"n2-ss-layer n2-ow n-uc-19d69321a5ed0\" data-pm=\"normal\" data-sstype=\"layer\"><div class=\"n2-ss-item-content n2-ss-text n2-ow-all\"><div class=\"\"><p class=\"n2-font-58393c69e48befd8db2ad4171326ab39-paragraph\"> D\u00e9tail du Contenu :<\/p>\n<\/div><\/div><\/div><div class=\"n2-ss-layer n2-ow n-uc-1d937382d23f3\" data-pm=\"normal\" data-sstype=\"layer\"><div class=\"n2-ss-item-content n2-ss-text n2-ow-all\"><div class=\"\"><p class=\"n2-font-b0007b7bdc97987b9c376ba19021b025-paragraph\">(2, 3, 4, 7, 8\u00a0: 20 pi\u00e8ces chacune) (1, 5\u00a0: 30 pi\u00e8ces chacune)<br \/>\n(6, 0\u00a0: 40 pi\u00e8ces) (\u20ac\u00a0: 60 pi\u00e8ces) (\u00c9pingles\u00a0: 60 pi\u00e8ces)<br \/>\n(Support\u00a0: 20 petites pi\u00e8ces, 20 pi\u00e8ces de taille moyenne, 20 grandes pi\u00e8ces)<\/p>\n<\/div><\/div><\/div><\/div><\/div><div class=\"n2-ss-layer n2-ow n-uc-n8XDoZJcFZCi\" data-pm=\"default\" data-sstype=\"col\"><div class=\"n2-ss-layer-col n2-ss-layer-with-background n2-ss-layer-content n-uc-n8XDoZJcFZCi-inner\"><div class=\"n2-ss-layer n2-ow n2-ss-layer--block n2-ss-has-self-align n-uc-yMP1xXu5VeOq\" data-pm=\"normal\" data-sstype=\"row\"><div class=\"n2-ss-layer-row n2-ss-layer-with-background n-uc-yMP1xXu5VeOq-inner\"><div class=\"n2-ss-layer-row-inner\"><div class=\"n2-ss-layer n2-ow n-uc-0AwXalxa2AL9\" data-pm=\"default\" data-sstype=\"col\"><div class=\"n2-ss-layer-col n2-ss-layer-with-background n2-ss-layer-content n-uc-0AwXalxa2AL9-inner\"><\/div><\/div><\/div><\/div><\/div><\/div><\/div><\/div><\/div><\/div><\/div><\/div><\/div><\/div><\/div><div data-slide-duration=\"0\" data-id=\"807\" data-slide-public-id=\"2\" aria-hidden=\"true\" data-title=\"PX8-10M \" class=\"n2-ss-slide n2-ow  n2-ss-slide-807\"><div role=\"note\" class=\"n2-ss-slide--focus\" tabindex=\"-1\">PX8-10M <\/div><div class=\"n2-ss-layers-container n2-ss-slide-limiter n2-ow\"><div class=\"n2-ss-layer n2-ow n-uc-TTm4hAJvXm4c\" data-sstype=\"slide\" data-pm=\"default\"><div class=\"n2-ss-layer n2-ow n-uc-zvq9X7nU7hpm\" data-pm=\"default\" data-sstype=\"content\" data-hasbackground=\"0\"><div class=\"n2-ss-section-main-content n2-ss-layer-with-background n2-ss-layer-content n2-ow n-uc-zvq9X7nU7hpm-inner\"><div class=\"n2-ss-layer n2-ow n2-ss-layer--block n2-ss-has-self-align n-uc-7wfJ2ckuJeXz\" data-pm=\"normal\" data-sstype=\"row\"><div class=\"n2-ss-layer-row n2-ss-layer-with-background n-uc-7wfJ2ckuJeXz-inner\"><div class=\"n2-ss-layer-row-inner\"><div class=\"n2-ss-layer n2-ow n-uc-BQbZtrhHiw9n\" data-pm=\"default\" data-sstype=\"col\"><div class=\"n2-ss-layer-col n2-ss-layer-with-background n2-ss-layer-content n-uc-BQbZtrhHiw9n-inner\"><div class=\"n2-ss-layer n2-ow n-uc-d1WkwNMJcUQL\" data-pm=\"normal\" data-sstype=\"layer\"><div class=\"n2-ss-item-content n2-ss-text n2-ow-all\"><div class=\"\"><p class=\"n2-font-ca8b1c0cdcf61faeacadcd0e606015b8-paragraph\">PX8-10M<\/p>\n<\/div><\/div><\/div><div class=\"n2-ss-layer n2-ow n-uc-ap2bOvdh8oT3\" data-pm=\"normal\" data-sstype=\"layer\"><div class=\"n2-ss-item-content n2-ss-text n2-ow-all\"><div class=\"\"><p class=\"n2-font-2c3e0beba2fe68bd09391d63599ff44b-paragraph\">Box of numbers for Price 1801 &#8211; Accessories<\/p>\n<\/div><\/div><\/div><div class=\"n2-ss-layer n2-ow n-uc-xzqOg78rFlUR\" data-pm=\"normal\" data-sstype=\"layer\"><div class=\"n2-ss-item-content n2-ss-text n2-ow-all\"><div class=\"\"><p class=\"n2-font-b0007b7bdc97987b9c376ba19021b025-paragraph\">Box numbers of large models. Color Aluminum &#8211; (HT 1 CM &#8211; Larg. 1.8 CM)<\/p>\n<\/div><\/div><\/div><\/div><\/div><div class=\"n2-ss-layer n2-ow n-uc-tLf4kCV6dHRw\" data-pm=\"default\" data-sstype=\"col\"><div class=\"n2-ss-layer-col n2-ss-layer-with-background n2-ss-layer-content n-uc-tLf4kCV6dHRw-inner\"><div class=\"n2-ss-layer n2-ow n2-ss-layer--block n2-ss-has-self-align n-uc-8iaHDkzr2S6I\" data-pm=\"normal\" data-sstype=\"row\"><div class=\"n2-ss-layer-row n2-ss-layer-with-background n-uc-8iaHDkzr2S6I-inner\"><div class=\"n2-ss-layer-row-inner\"><div class=\"n2-ss-layer n2-ow n-uc-FkBtS8B3wSc4\" data-pm=\"default\" data-sstype=\"col\"><div class=\"n2-ss-layer-col n2-ss-layer-with-background n2-ss-layer-content n-uc-FkBtS8B3wSc4-inner\"><\/div><\/div><\/div><\/div><\/div><\/div><\/div><\/div><\/div><\/div><\/div><\/div><\/div><\/div><\/div><div data-slide-duration=\"0\" data-id=\"808\" data-slide-public-id=\"3\" aria-hidden=\"true\" data-title=\"PXB-9M\" class=\"n2-ss-slide n2-ow  n2-ss-slide-808\"><div role=\"note\" class=\"n2-ss-slide--focus\" tabindex=\"-1\">PXB-9M<\/div><div class=\"n2-ss-layers-container n2-ss-slide-limiter n2-ow\"><div class=\"n2-ss-layer n2-ow n-uc-FoeACygoUXwB\" data-sstype=\"slide\" data-pm=\"default\"><div class=\"n2-ss-layer n2-ow n-uc-449BoUPTv8SY\" data-pm=\"default\" data-sstype=\"content\" data-hasbackground=\"0\"><div class=\"n2-ss-section-main-content n2-ss-layer-with-background n2-ss-layer-content n2-ow n-uc-449BoUPTv8SY-inner\"><div class=\"n2-ss-layer n2-ow n2-ss-layer--block n2-ss-has-self-align n-uc-HGWd09SC8e5w\" data-pm=\"normal\" data-sstype=\"row\"><div class=\"n2-ss-layer-row n2-ss-layer-with-background n-uc-HGWd09SC8e5w-inner\"><div class=\"n2-ss-layer-row-inner\"><div class=\"n2-ss-layer n2-ow n-uc-yhyrS9zRN2HX\" data-pm=\"default\" data-sstype=\"col\"><div class=\"n2-ss-layer-col n2-ss-layer-with-background n2-ss-layer-content n-uc-yhyrS9zRN2HX-inner\"><div class=\"n2-ss-layer n2-ow n-uc-e0M7e0McefKK\" data-pm=\"normal\" data-sstype=\"layer\"><div class=\"n2-ss-item-content n2-ss-text n2-ow-all\"><div class=\"\"><p class=\"n2-font-ca8b1c0cdcf61faeacadcd0e606015b8-paragraph\">PXB-10M<\/p>\n<\/div><\/div><\/div><div class=\"n2-ss-layer n2-ow n-uc-rchXxSXFMkmA\" data-pm=\"normal\" data-sstype=\"layer\"><div class=\"n2-ss-item-content n2-ss-text n2-ow-all\"><div class=\"\"><p class=\"n2-font-2c3e0beba2fe68bd09391d63599ff44b-paragraph\">Box of numbers for Price Shop &#8211; Accessories<\/p>\n<\/div><\/div><\/div><div class=\"n2-ss-layer n2-ow n-uc-0HbFhtMZLyae\" data-pm=\"normal\" data-sstype=\"layer\"><div class=\"n2-ss-item-content n2-ss-text n2-ow-all\"><div class=\"\"><p class=\"n2-font-b0007b7bdc97987b9c376ba19021b025-paragraph\">Box numbers of small models. Color Aluminum (HT 1 CM &#8211; Larg. 1.8 CM)<\/p>\n<\/div><\/div><\/div><\/div><\/div><div class=\"n2-ss-layer n2-ow n-uc-EuvtFuy1JeVR\" data-pm=\"default\" data-sstype=\"col\"><div class=\"n2-ss-layer-col n2-ss-layer-with-background n2-ss-layer-content n-uc-EuvtFuy1JeVR-inner\"><div class=\"n2-ss-layer n2-ow n2-ss-layer--block n2-ss-has-self-align n-uc-LnmRDUJH3Ang\" data-pm=\"normal\" data-sstype=\"row\"><div class=\"n2-ss-layer-row n2-ss-layer-with-background n-uc-LnmRDUJH3Ang-inner\"><div class=\"n2-ss-layer-row-inner\"><div class=\"n2-ss-layer n2-ow n-uc-8qv6O3xP47e3\" data-pm=\"default\" data-sstype=\"col\"><div class=\"n2-ss-layer-col n2-ss-layer-with-background n2-ss-layer-content n-uc-8qv6O3xP47e3-inner\"><\/div><\/div><\/div><\/div><\/div><\/div><\/div><\/div><\/div><\/div><\/div><\/div><\/div><\/div><\/div><div data-slide-duration=\"0\" data-id=\"809\" data-slide-public-id=\"4\" aria-hidden=\"true\" data-title=\"PXB-10M\" class=\"n2-ss-slide n2-ow  n2-ss-slide-809\"><div role=\"note\" class=\"n2-ss-slide--focus\" tabindex=\"-1\">PXB-10M<\/div><div class=\"n2-ss-layers-container n2-ss-slide-limiter n2-ow\"><div class=\"n2-ss-layer n2-ow n-uc-BKSQcMEmDK9r\" data-sstype=\"slide\" data-pm=\"default\"><div class=\"n2-ss-layer n2-ow n-uc-ATNJ3tVCHYgN\" data-pm=\"default\" data-sstype=\"content\" data-hasbackground=\"0\"><div class=\"n2-ss-section-main-content n2-ss-layer-with-background n2-ss-layer-content n2-ow n-uc-ATNJ3tVCHYgN-inner\"><div class=\"n2-ss-layer n2-ow n2-ss-layer--block n2-ss-has-self-align n-uc-HYfnyhYJ2gUj\" data-pm=\"normal\" data-sstype=\"row\"><div class=\"n2-ss-layer-row n2-ss-layer-with-background n-uc-HYfnyhYJ2gUj-inner\"><div class=\"n2-ss-layer-row-inner\"><div class=\"n2-ss-layer n2-ow n-uc-mojvQ87zlpsY\" data-pm=\"default\" data-sstype=\"col\"><div class=\"n2-ss-layer-col n2-ss-layer-with-background n2-ss-layer-content n-uc-mojvQ87zlpsY-inner\"><div class=\"n2-ss-layer n2-ow n-uc-S0l00UpANN3V\" data-pm=\"normal\" data-sstype=\"layer\"><div class=\"n2-ss-item-content n2-ss-text n2-ow-all\"><div class=\"\"><p class=\"n2-font-ca8b1c0cdcf61faeacadcd0e606015b8-paragraph\">PXB-9M<\/p>\n<\/div><\/div><\/div><div class=\"n2-ss-layer n2-ow n-uc-Le6nRIb5FB0u\" data-pm=\"normal\" data-sstype=\"layer\"><div class=\"n2-ss-item-content n2-ss-text n2-ow-all\"><div class=\"\"><p class=\"n2-font-2c3e0beba2fe68bd09391d63599ff44b-paragraph\">Box of numbers for Price Shop &#8211; Accessories<\/p>\n<\/div><\/div><\/div><div class=\"n2-ss-layer n2-ow n-uc-zb4Y7g0xxxYC\" data-pm=\"normal\" data-sstype=\"layer\"><div class=\"n2-ss-item-content n2-ss-text n2-ow-all\"><div class=\"\"><p class=\"n2-font-b0007b7bdc97987b9c376ba19021b025-paragraph\">Box numbers of small models. Gold Color &#8211; (HT 1 CM &#8211; Larg. 1.8 CM)<\/p>\n<\/div><\/div><\/div><\/div><\/div><div class=\"n2-ss-layer n2-ow n-uc-cTEaTKVXpJfW\" data-pm=\"default\" data-sstype=\"col\"><div class=\"n2-ss-layer-col n2-ss-layer-with-background n2-ss-layer-content n-uc-cTEaTKVXpJfW-inner\"><div class=\"n2-ss-layer n2-ow n2-ss-layer--block n2-ss-has-self-align n-uc-wR0UkeoESGGo\" data-pm=\"normal\" data-sstype=\"row\"><div class=\"n2-ss-layer-row n2-ss-layer-with-background n-uc-wR0UkeoESGGo-inner\"><div class=\"n2-ss-layer-row-inner\"><div class=\"n2-ss-layer n2-ow n-uc-VBxgGeKniFi0\" data-pm=\"default\" data-sstype=\"col\"><div class=\"n2-ss-layer-col n2-ss-layer-with-background n2-ss-layer-content n-uc-VBxgGeKniFi0-inner\"><\/div><\/div><\/div><\/div><\/div><\/div><\/div><\/div><\/div><\/div><\/div><\/div><\/div><\/div><\/div>                    <\/div>\n\n                                    <\/div>\n            <\/div>\n        <\/div>\n        <div class=\"n2-ss-slider-controls n2-ss-slider-controls-below\"><div data-width-percent=\"100\" class=\"n2-ss-widget nextend-thumbnail nextend-thumbnail-default nextend-thumbnail-horizontal n2-ow-all\" style=\"width:100%;\" data-has-next=\"0\" data-has-previous=\"0\"><div class=\"nextend-thumbnail-inner n2-style-f06a0649a4c71bcc3c67183cac39ac99-simple\"><div class=\"nextend-thumbnail-scroller n2-align-content-start\" style=\"grid-template-rows:repeat(1, 1fr)\"><div class=\"n2-thumbnail-dot n2-style-2840da0471d42fe2fd2d7302d55cb2f2-dot\" data-slide-public-id=\"1\" role=\"button\" aria-label=\"PX8-9M\" tabindex=\"0\"><picture class=\"skip-lazy jetpack-lazy-image\" data-skip-lazy=\"1\"><img decoding=\"async\" alt=\"PX8-9M\" src=\"\/\/manex-france.com\/wp-content\/uploads\/2021\/06\/PX8-9M.png\" width=\"240\" height=\"120\" loading=\"lazy\" class=\"skip-lazy jetpack-lazy-image\" data-skip-lazy=\"1\" \/><\/picture><\/div><div class=\"n2-thumbnail-dot n2-style-2840da0471d42fe2fd2d7302d55cb2f2-dot\" data-slide-public-id=\"2\" role=\"button\" aria-label=\"PX8-10M \" tabindex=\"0\"><picture class=\"skip-lazy jetpack-lazy-image\" data-skip-lazy=\"1\"><img decoding=\"async\" alt=\"PX8-10M \" src=\"\/\/manex-france.com\/wp-content\/uploads\/2021\/06\/PX8-10M.png\" width=\"240\" height=\"120\" loading=\"lazy\" class=\"skip-lazy jetpack-lazy-image\" data-skip-lazy=\"1\" \/><\/picture><\/div><div class=\"n2-thumbnail-dot n2-style-2840da0471d42fe2fd2d7302d55cb2f2-dot\" data-slide-public-id=\"3\" role=\"button\" aria-label=\"PXB-9M\" tabindex=\"0\"><picture class=\"skip-lazy jetpack-lazy-image\" data-skip-lazy=\"1\"><img decoding=\"async\" alt=\"PXB-9M\" src=\"\/\/manex-france.com\/wp-content\/uploads\/2021\/06\/PXB-10M.png\" width=\"240\" height=\"120\" loading=\"lazy\" class=\"skip-lazy jetpack-lazy-image\" data-skip-lazy=\"1\" \/><\/picture><\/div><div class=\"n2-thumbnail-dot n2-style-2840da0471d42fe2fd2d7302d55cb2f2-dot\" data-slide-public-id=\"4\" role=\"button\" aria-label=\"PXB-10M\" tabindex=\"0\"><picture class=\"skip-lazy jetpack-lazy-image\" data-skip-lazy=\"1\"><img decoding=\"async\" alt=\"PXB-10M\" src=\"\/\/manex-france.com\/wp-content\/uploads\/2021\/06\/PXB-9M.png\" width=\"240\" height=\"120\" loading=\"lazy\" class=\"skip-lazy jetpack-lazy-image\" data-skip-lazy=\"1\" \/><\/picture><\/div><\/div><\/div><div class=\"nextend-thumbnail-button nextend-thumbnail-previous\"><img decoding=\"async\" width=\"26\" height=\"26\" style=\"width:26px;transform:rotateZ(-90deg);\" loading=\"lazy\" class=\"skip-lazy jetpack-lazy-image\" data-skip-lazy=\"1\" src=\"data:image\/svg+xml;base64,PHN2ZyB3aWR0aD0iMjYiIGhlaWdodD0iMjYiIHhtbG5zPSJodHRwOi8vd3d3LnczLm9yZy8yMDAwL3N2ZyI+CiAgICA8ZyBmaWxsPSJub25lIiBmaWxsLXJ1bGU9ImV2ZW5vZGQiPgogICAgICAgIDxjaXJjbGUgc3Ryb2tlPSIjZmZmIiBzdHJva2Utd2lkdGg9IjIiIG9wYWNpdHk9Ii41IiBmaWxsPSIjMDAwIiBjeD0iMTMiIGN5PSIxMyIgcj0iMTIiLz4KICAgICAgICA8cGF0aCBkPSJNMTMuNDM1IDkuMTc4Yy0uMTI2LS4xMjEtLjI3LS4xODItLjQzNi0uMTgyLS4xNjQgMC0uMzA2LjA2MS0uNDI4LjE4MmwtNC4zOCA0LjE3NWMtLjEyNi4xMjEtLjE4OC4yNjItLjE4OC40MjQgMCAuMTYxLjA2Mi4zMDIuMTg4LjQyM2wuNjUuNjIyYy4xMjYuMTIxLjI3My4xODIuNDQxLjE4Mi4xNyAwIC4zMTQtLjA2MS40MzYtLjE4MmwzLjMxNC0zLjE2MSAzLjI0OSAzLjE2MWMuMTI2LjEyMS4yNjkuMTgyLjQzMi4xODIuMTY0IDAgLjMwNy0uMDYxLjQzMy0uMTgybC42NjItLjYyMmMuMTI2LS4xMjEuMTg5LS4yNjIuMTg5LS40MjMgMC0uMTYyLS4wNjMtLjMwMy0uMTg5LS40MjRsLTQuMzczLTQuMTc1eiIKICAgICAgICAgICAgICBmaWxsPSIjZmZmIi8+CiAgICA8L2c+Cjwvc3ZnPg==\" alt=\"previous arrow\"><\/div><div class=\"nextend-thumbnail-button nextend-thumbnail-next\"><img decoding=\"async\" width=\"26\" height=\"26\" style=\"width:26px;transform:rotateZ(-90deg);\" loading=\"lazy\" class=\"skip-lazy jetpack-lazy-image\" data-skip-lazy=\"1\" src=\"data:image\/svg+xml;base64,PHN2ZyB4bWxucz0iaHR0cDovL3d3dy53My5vcmcvMjAwMC9zdmciIHdpZHRoPSIyNiIgaGVpZ2h0PSIyNiI+CiAgICA8ZyBmaWxsPSJub25lIj4KICAgICAgICA8Y2lyY2xlIGN4PSIxMyIgY3k9IjEzIiByPSIxMiIgZmlsbD0iIzAwMCIgc3Ryb2tlPSIjZmZmIiBzdHJva2Utd2lkdGg9IjIiIG9wYWNpdHk9Ii41Ii8+CiAgICAgICAgPHBhdGggZmlsbD0iI2ZmZiIKICAgICAgICAgICAgICBkPSJNMTIuNTY1IDE2LjgyMmMuMTI2LjEyLjI3LjE4Mi40MzYuMTgyLjE2OCAwIC4zMS0uMDYuNDMtLjE4Mmw0LjM4LTQuMTc1Yy4xMjgtLjEyLjE5LS4yNjIuMTktLjQyNCAwLS4xNi0uMDYyLS4zMDItLjE5LS40MjNsLS42NS0uNjIyYy0uMTI1LS4xMi0uMjcyLS4xODItLjQ0LS4xODItLjE3IDAtLjMxNC4wNi0uNDM2LjE4MmwtMy4zMTQgMy4xNi0zLjI1LTMuMTZjLS4xMjYtLjEyLS4yNy0uMTgyLS40My0uMTgyLS4xNjYgMC0uMzEuMDYtLjQzNS4xODJsLS42NjIuNjIyYy0uMTI2LjEyLS4xOS4yNjItLjE5LjQyMyAwIC4xNjIuMDY0LjMwMy4xOS40MjRsNC4zNzMgNC4xNzV6Ii8+CiAgICA8L2c+Cjwvc3ZnPg==\" alt=\"next arrow\"><\/div><\/div><\/div><\/div><\/div><ss3-loader><\/ss3-loader><\/div><\/div><div class=\"n2_clear\"><\/div><\/div><\/ss3-force-full-width><\/div>","protected":false},"excerpt":{"rendered":"","protected":false},"author":1,"featured_media":0,"parent":0,"menu_order":0,"comment_status":"closed","ping_status":"closed","template":"","meta":{"footnotes":""},"class_list":["post-593","page","type-page","status-publish","hentry"],"yoast_head":"<!-- This site is optimized with the Yoast SEO plugin v27.5 - https:\/\/yoast.com\/product\/yoast-seo-wordpress\/ -->\n<title>Price Transmission - Manex-France<\/title>\n<meta name=\"robots\" content=\"index, follow, max-snippet:-1, max-image-preview:large, max-video-preview:-1\" \/>\n<link rel=\"canonical\" href=\"https:\/\/manex-france.com\/fr\/accessories-price-transmission\/\" \/>\n<meta property=\"og:locale\" content=\"fr_FR\" \/>\n<meta property=\"og:type\" content=\"article\" \/>\n<meta property=\"og:title\" content=\"Price Transmission - Manex-France\" \/>\n<meta property=\"og:url\" content=\"https:\/\/manex-france.com\/fr\/accessories-price-transmission\/\" \/>\n<meta property=\"og:site_name\" content=\"Manex-France\" \/>\n<meta property=\"article:modified_time\" content=\"2021-06-14T02:50:42+00:00\" \/>\n<meta name=\"twitter:card\" content=\"summary_large_image\" \/>\n<meta name=\"twitter:label1\" content=\"Dur\u00e9e de lecture estim\u00e9e\" \/>\n\t<meta name=\"twitter:data1\" content=\"1 minute\" \/>\n<script type=\"application\/ld+json\" class=\"yoast-schema-graph\">{\"@context\":\"https:\\\/\\\/schema.org\",\"@graph\":[{\"@type\":\"WebPage\",\"@id\":\"https:\\\/\\\/manex-france.com\\\/accessories-price-transmission\\\/\",\"url\":\"https:\\\/\\\/manex-france.com\\\/accessories-price-transmission\\\/\",\"name\":\"Price Transmission - Manex-France\",\"isPartOf\":{\"@id\":\"https:\\\/\\\/manex-france.com\\\/#website\"},\"datePublished\":\"2021-06-07T01:08:39+00:00\",\"dateModified\":\"2021-06-14T02:50:42+00:00\",\"inLanguage\":\"fr-FR\",\"potentialAction\":[{\"@type\":\"ReadAction\",\"target\":[\"https:\\\/\\\/manex-france.com\\\/accessories-price-transmission\\\/\"]}]},{\"@type\":\"WebSite\",\"@id\":\"https:\\\/\\\/manex-france.com\\\/#website\",\"url\":\"https:\\\/\\\/manex-france.com\\\/\",\"name\":\"Manex-France\",\"description\":\"\",\"publisher\":{\"@id\":\"https:\\\/\\\/manex-france.com\\\/#organization\"},\"potentialAction\":[{\"@type\":\"SearchAction\",\"target\":{\"@type\":\"EntryPoint\",\"urlTemplate\":\"https:\\\/\\\/manex-france.com\\\/?s={search_term_string}\"},\"query-input\":{\"@type\":\"PropertyValueSpecification\",\"valueRequired\":true,\"valueName\":\"search_term_string\"}}],\"inLanguage\":\"fr-FR\"},{\"@type\":\"Organization\",\"@id\":\"https:\\\/\\\/manex-france.com\\\/#organization\",\"name\":\"Manex-France\",\"url\":\"https:\\\/\\\/manex-france.com\\\/\",\"logo\":{\"@type\":\"ImageObject\",\"inLanguage\":\"fr-FR\",\"@id\":\"https:\\\/\\\/manex-france.com\\\/#\\\/schema\\\/logo\\\/image\\\/\",\"url\":\"https:\\\/\\\/manex-france.com\\\/wp-content\\\/uploads\\\/2021\\\/02\\\/logo.png\",\"contentUrl\":\"https:\\\/\\\/manex-france.com\\\/wp-content\\\/uploads\\\/2021\\\/02\\\/logo.png\",\"width\":216,\"height\":100,\"caption\":\"Manex-France\"},\"image\":{\"@id\":\"https:\\\/\\\/manex-france.com\\\/#\\\/schema\\\/logo\\\/image\\\/\"}}]}<\/script>\n<!-- \/ Yoast SEO plugin. -->","yoast_head_json":{"title":"Price Transmission - Manex-France","robots":{"index":"index","follow":"follow","max-snippet":"max-snippet:-1","max-image-preview":"max-image-preview:large","max-video-preview":"max-video-preview:-1"},"canonical":"https:\/\/manex-france.com\/fr\/accessories-price-transmission\/","og_locale":"fr_FR","og_type":"article","og_title":"Price Transmission - Manex-France","og_url":"https:\/\/manex-france.com\/fr\/accessories-price-transmission\/","og_site_name":"Manex-France","article_modified_time":"2021-06-14T02:50:42+00:00","twitter_card":"summary_large_image","twitter_misc":{"Dur\u00e9e de lecture estim\u00e9e":"1 minute"},"schema":{"@context":"https:\/\/schema.org","@graph":[{"@type":"WebPage","@id":"https:\/\/manex-france.com\/accessories-price-transmission\/","url":"https:\/\/manex-france.com\/accessories-price-transmission\/","name":"Price Transmission - Manex-France","isPartOf":{"@id":"https:\/\/manex-france.com\/#website"},"datePublished":"2021-06-07T01:08:39+00:00","dateModified":"2021-06-14T02:50:42+00:00","inLanguage":"fr-FR","potentialAction":[{"@type":"ReadAction","target":["https:\/\/manex-france.com\/accessories-price-transmission\/"]}]},{"@type":"WebSite","@id":"https:\/\/manex-france.com\/#website","url":"https:\/\/manex-france.com\/","name":"Manex-France","description":"","publisher":{"@id":"https:\/\/manex-france.com\/#organization"},"potentialAction":[{"@type":"SearchAction","target":{"@type":"EntryPoint","urlTemplate":"https:\/\/manex-france.com\/?s={search_term_string}"},"query-input":{"@type":"PropertyValueSpecification","valueRequired":true,"valueName":"search_term_string"}}],"inLanguage":"fr-FR"},{"@type":"Organization","@id":"https:\/\/manex-france.com\/#organization","name":"Manex-France","url":"https:\/\/manex-france.com\/","logo":{"@type":"ImageObject","inLanguage":"fr-FR","@id":"https:\/\/manex-france.com\/#\/schema\/logo\/image\/","url":"https:\/\/manex-france.com\/wp-content\/uploads\/2021\/02\/logo.png","contentUrl":"https:\/\/manex-france.com\/wp-content\/uploads\/2021\/02\/logo.png","width":216,"height":100,"caption":"Manex-France"},"image":{"@id":"https:\/\/manex-france.com\/#\/schema\/logo\/image\/"}}]}},"jetpack_sharing_enabled":true,"_links":{"self":[{"href":"https:\/\/manex-france.com\/fr\/wp-json\/wp\/v2\/pages\/593","targetHints":{"allow":["GET"]}}],"collection":[{"href":"https:\/\/manex-france.com\/fr\/wp-json\/wp\/v2\/pages"}],"about":[{"href":"https:\/\/manex-france.com\/fr\/wp-json\/wp\/v2\/types\/page"}],"author":[{"embeddable":true,"href":"https:\/\/manex-france.com\/fr\/wp-json\/wp\/v2\/users\/1"}],"replies":[{"embeddable":true,"href":"https:\/\/manex-france.com\/fr\/wp-json\/wp\/v2\/comments?post=593"}],"version-history":[{"count":2,"href":"https:\/\/manex-france.com\/fr\/wp-json\/wp\/v2\/pages\/593\/revisions"}],"predecessor-version":[{"id":668,"href":"https:\/\/manex-france.com\/fr\/wp-json\/wp\/v2\/pages\/593\/revisions\/668"}],"wp:attachment":[{"href":"https:\/\/manex-france.com\/fr\/wp-json\/wp\/v2\/media?parent=593"}],"curies":[{"name":"wp","href":"https:\/\/api.w.org\/{rel}","templated":true}]}}